{"id":9,"date":"2017-11-26T12:15:31","date_gmt":"2017-11-26T11:15:31","guid":{"rendered":"http:\/\/altara.fr\/?page_id=9"},"modified":"2025-02-19T10:47:36","modified_gmt":"2025-02-19T09:47:36","slug":"contact","status":"publish","type":"page","link":"http:\/\/altara.fr\/index.php\/contact\/","title":{"rendered":"Contact"},"content":{"rendered":"<p>ALTARA<\/p>\n<p>40 rue du Chateau 71960 Ig\u00e9.<\/p>\n<p>Services Administratifs: 42 all\u00e9e du Grand Gravier 02400 Epaux-B\u00e9zu.<\/p>\n<p>Fran\u00e7oise Naud\u00e9 est \u00e0 votre service<\/p>\n<p>au 0033 323 719 000<\/p>\n<p>ou au 0033 627 957 738<br \/>\n<img loading=\"lazy\" decoding=\"async\" class=\"wp-image-67 alignright\" src=\"http:\/\/altara.fr\/wp-content\/uploads\/2017\/12\/IMG-20171204-WA0000-300x300.jpg\" alt=\"\" width=\"210\" height=\"210\" srcset=\"http:\/\/altara.fr\/wp-content\/uploads\/2017\/12\/IMG-20171204-WA0000-300x300.jpg 300w, http:\/\/altara.fr\/wp-content\/uploads\/2017\/12\/IMG-20171204-WA0000-150x150.jpg 150w, http:\/\/altara.fr\/wp-content\/uploads\/2017\/12\/IMG-20171204-WA0000-100x100.jpg 100w, http:\/\/altara.fr\/wp-content\/uploads\/2017\/12\/IMG-20171204-WA0000.jpg 600w\" sizes=\"(max-width: 210px) 100vw, 210px\" \/><\/p>\n<p>&nbsp;<\/p>\n<div id=\"sconnect-is-installed\" style=\"display: none;\">2.5.0.0<\/div>\n<div id=\"sconnect-is-installed\" style=\"display: none;\">2.5.0.0<\/div>\n<div id=\"sconnect-is-installed\" style=\"display: none;\">2.5.0.0<\/div>\n<div id=\"sconnect-is-installed\" style=\"display: none;\">2.5.0.0<\/div>\n<div id=\"sconnect-is-installed\" style=\"display: none;\">2.5.0.0<\/div>\n<div id=\"sconnect-is-installed\" style=\"display: none;\">2.5.0.0<\/div>\n<div id=\"sconnect-is-installed\" style=\"display: none;\">2.5.0.0<\/div>\n","protected":false},"excerpt":{"rendered":"<p>ALTARA 40 rue du Chateau 71960 Ig\u00e9. Services Administratifs: 42 all\u00e9e du Grand Gravier 02400 Epaux-B\u00e9zu. Fran\u00e7oise Naud\u00e9 est \u00e0 votre service au 0033 323 719 000 ou au 0033 627 957 738 &nbsp; 2.5.0.0 2.5.0.0 2.5.0.0 2.5.0.0 2.5.0.0 2.5.0.0 2.5.0.0<\/p>\n","protected":false},"author":1,"featured_media":91,"parent":0,"menu_order":0,"comment_status":"closed","ping_status":"closed","template":"","meta":{"footnotes":""},"_links":{"self":[{"href":"http:\/\/altara.fr\/index.php\/wp-json\/wp\/v2\/pages\/9"}],"collection":[{"href":"http:\/\/altara.fr\/index.php\/wp-json\/wp\/v2\/pages"}],"about":[{"href":"http:\/\/altara.fr\/index.php\/wp-json\/wp\/v2\/types\/page"}],"author":[{"embeddable":true,"href":"http:\/\/altara.fr\/index.php\/wp-json\/wp\/v2\/users\/1"}],"replies":[{"embeddable":true,"href":"http:\/\/altara.fr\/index.php\/wp-json\/wp\/v2\/comments?post=9"}],"version-history":[{"count":9,"href":"http:\/\/altara.fr\/index.php\/wp-json\/wp\/v2\/pages\/9\/revisions"}],"predecessor-version":[{"id":116,"href":"http:\/\/altara.fr\/index.php\/wp-json\/wp\/v2\/pages\/9\/revisions\/116"}],"wp:featuredmedia":[{"embeddable":true,"href":"http:\/\/altara.fr\/index.php\/wp-json\/wp\/v2\/media\/91"}],"wp:attachment":[{"href":"http:\/\/altara.fr\/index.php\/wp-json\/wp\/v2\/media?parent=9"}],"curies":[{"name":"wp","href":"https:\/\/api.w.org\/{rel}","templated":true}]}}